{"id":3404,"date":"2023-07-13T11:21:53","date_gmt":"2023-07-13T10:21:53","guid":{"rendered":"https:\/\/cosmicgong.com\/my-account\/"},"modified":"2024-11-26T14:26:39","modified_gmt":"2024-11-26T14:26:39","slug":"my-account","status":"publish","type":"page","link":"https:\/\/cosmicgong.com\/en\/my-account\/","title":{"rendered":"My account"},"content":{"rendered":"\t\t<div data-elementor-type=\"wp-page\" data-elementor-id=\"3404\" class=\"elementor elementor-3404 elementor-1792\" data-elementor-post-type=\"page\">\n\t\t\t\t<div class=\"elementor-element elementor-element-c5066b7 e-flex e-con-boxed e-con e-parent\" data-id=\"c5066b7\" data-element_type=\"container\" data-e-type=\"container\">\n\t\t\t\t\t<div class=\"e-con-inner\">\n\t\t\t\t<div class=\"elementor-element elementor-element-32dc8d0 elementor-widget__width-inherit elementor-widget-mobile__width-inherit e-my-account-tabs-vertical elementor-widget elementor-widget-woocommerce-my-account\" data-id=\"32dc8d0\" data-element_type=\"widget\" data-e-type=\"widget\" data-widget_type=\"woocommerce-my-account.default\">\n\t\t\t\t<div class=\"elementor-widget-container\">\n\t\t\t\t\t<div class=\"e-my-account-tab e-my-account-tab__ \">\t\t\t<div class=\"woocommerce\"><\/div>\t\t<\/div>\n\t\t\t\t\t\t<\/div>\n\t\t\t\t<\/div>\n\t\t\t\t\t<\/div>\n\t\t\t\t<\/div>\n\t\t\t\t<\/div>\n\t\t","protected":false},"excerpt":{"rendered":"<p>Dashboard Reservations Addresses Account Details Logout Ol\u00e1 Paulo Gomes (n\u00e3o \u00e9 Paulo Gomes? Sair) From your account dashboard you can view your recent orders, manage your billing address, and edit your password and account details.<\/p>\n","protected":false},"author":1,"featured_media":0,"parent":0,"menu_order":100,"comment_status":"closed","ping_status":"closed","template":"","meta":{"_mo_disable_npp":"","prwc_products":"","prwc_not_all_products_required":false,"prwc_not_bought_page":"","prwc_redirect_not_bought":false,"prwc_not_logged_in_page":"","prwc_redirect_not_logged_in":false,"prwc_timeout_days":0,"prwc_timeout_hours":0,"prwc_timeout_minutes":0,"prwc_timeout_seconds":0,"prwc_timeout_views":0,"iawp_total_views":323,"footnotes":""},"class_list":["post-3404","page","type-page","status-publish","hentry"],"_links":{"self":[{"href":"https:\/\/cosmicgong.com\/en\/wp-json\/wp\/v2\/pages\/3404","targetHints":{"allow":["GET"]}}],"collection":[{"href":"https:\/\/cosmicgong.com\/en\/wp-json\/wp\/v2\/pages"}],"about":[{"href":"https:\/\/cosmicgong.com\/en\/wp-json\/wp\/v2\/types\/page"}],"author":[{"embeddable":true,"href":"https:\/\/cosmicgong.com\/en\/wp-json\/wp\/v2\/users\/1"}],"replies":[{"embeddable":true,"href":"https:\/\/cosmicgong.com\/en\/wp-json\/wp\/v2\/comments?post=3404"}],"version-history":[{"count":5,"href":"https:\/\/cosmicgong.com\/en\/wp-json\/wp\/v2\/pages\/3404\/revisions"}],"predecessor-version":[{"id":7044,"href":"https:\/\/cosmicgong.com\/en\/wp-json\/wp\/v2\/pages\/3404\/revisions\/7044"}],"wp:attachment":[{"href":"https:\/\/cosmicgong.com\/en\/wp-json\/wp\/v2\/media?parent=3404"}],"curies":[{"name":"wp","href":"https:\/\/api.w.org\/{rel}","templated":true}]}}