{"id":3466,"date":"2023-07-13T18:56:12","date_gmt":"2023-07-13T17:56:12","guid":{"rendered":"https:\/\/cosmicgong.com\/terms-conditions\/"},"modified":"2023-07-13T18:56:14","modified_gmt":"2023-07-13T17:56:14","slug":"terms-conditions","status":"publish","type":"page","link":"https:\/\/cosmicgong.com\/en\/terms-conditions\/","title":{"rendered":"Terms &#038; Conditions"},"content":{"rendered":"\t\t<div data-elementor-type=\"wp-page\" data-elementor-id=\"3466\" class=\"elementor elementor-3466 elementor-575\" data-elementor-post-type=\"page\">\n\t\t\t\t<div class=\"elementor-element elementor-element-2e3c3f9 e-flex e-con-boxed e-con e-parent\" data-id=\"2e3c3f9\" data-element_type=\"container\" data-e-type=\"container\">\n\t\t\t\t\t<div class=\"e-con-inner\">\n\t\t\t\t<div class=\"elementor-element elementor-element-6610698 elementor-widget elementor-widget-heading\" data-id=\"6610698\" data-element_type=\"widget\" data-e-type=\"widget\" data-widget_type=\"heading.default\">\n\t\t\t\t<div class=\"elementor-widget-container\">\n\t\t\t\t\t<h1 class=\"elementor-heading-title elementor-size-default\">Termos e condi\u00e7\u00f5es gerais<\/h1>\t\t\t\t<\/div>\n\t\t\t\t<\/div>\n\t\t\t\t<div class=\"elementor-element elementor-element-9f8adba elementor-widget elementor-widget-text-editor\" data-id=\"9f8adba\" data-element_type=\"widget\" data-e-type=\"widget\" data-widget_type=\"text-editor.default\">\n\t\t\t\t<div class=\"elementor-widget-container\">\n\t\t\t\t\t\t\t\t\t<p>Por favor, leia antes de usar este site.<\/p>\n<p>Se n\u00e3o estiver de acordo com os seus termos de utiliza\u00e7\u00e3o, aqui apresentados, n\u00e3o use este site. Ao aceder e utilizar o nosso site, confirma a aceita\u00e7\u00e3o destes termos.<\/p>\n<p><b>1. Encomenda<\/b><\/p>\n<p>Oferecemos a possibilidade de encomendar convenientemente atrav\u00e9s da nossa loja on-line ou por email. Para seguran\u00e7a m\u00fatua, as encomendas n\u00e3o s\u00e3o aceitas por telefone.<\/p>\n<p><b>2. Como pagar<\/b><\/p>\n<p>A) Por transfer\u00eancia banc\u00e1ria<br \/><span style=\"color: var( --e-global-color-text ); text-align: var(--text-align);\">B) Por PayPal<\/span><\/p>\n<p>As mercadorias encomendadas ser\u00e3o enviadas assim que o valor da factura for creditado na nossa conta banc\u00e1ria.<\/p>\n<p><b>3. Pre\u00e7os<\/b><\/p>\n<p>Os pre\u00e7os de venda indicados no site s\u00e3o em Euros, com impostos inclu\u00eddos. As taxas de entrega s\u00e3o a cargo do cliente e s\u00e3o cobradas ao final do pedido, dependendo dos produtos seleccionados.<\/p>\n<p>A COSMIC GONG reserva-se o direito de modificar os pre\u00e7os a qualquer momento, no entanto tenta aplicar as tarifas em vigor que foram indicadas no site no momento em que o cliente efectuar o pedido.<\/p>\n<p><b>4. Disponibilidade<\/b><\/p>\n<p>Sempre que haja disponibilidade de stock, a COSMIC GONG compromete-se a enviar a sua encomenda no prazo de 3 a 10 dias \u00fateis, a partir da data de recebimento do pagamento.<br \/>Quando um dos produtos pedidos n\u00e3o estar dispon\u00edvel em stock, a COSMIC GONG entrar\u00e1 em contacto com o cliente por e-mail ou por telefone, de modo a informar o novo prazo de entrega do produto.<\/p>\n<p><b>5. Entrega<\/b><\/p>\n<p>N\u00f3s escolhemos a forma mais favor\u00e1vel de envio da sua entrega, conforme o volume, peso e destino da mesma.<\/p>\n<p><b>6. Garantia<\/b><\/p>\n<p>Ap\u00f3s a recep\u00e7\u00e3o da sua encomenda, tem 15 dias para reclamar algum defeito e proceder \u00e0 devolu\u00e7\u00e3o do artigo, com respectivo reembolso ou envio de artigo de substitui\u00e7\u00e3o.<\/p>\n<p><b>7. Danos \/ reclama\u00e7\u00f5es de transporte<\/b><\/p>\n<p>Pedimos aos nossos clientes para informar defeitos evidentes de qualidade dentro de uma semana de recebimento de mercadorias. Em caso de danos no transporte, que j\u00e1 s\u00e3o vis\u00edveis externamente, pedimos-lhe para controlar o pacote imediatamente e deixar a transportadora dar-lhe uma confirma\u00e7\u00e3o por escrito dos danos.<\/p>\n<p><b>8. Aviso Legal<\/b><\/p>\n<p>Ser\u00e3o feitos todos os esfor\u00e7os poss\u00edveis para garantir que a informa\u00e7\u00e3o contida neste site est\u00e1 sempre correta e actualizada; contudo, n\u00e3o nos ser\u00e1 poss\u00edvel garantir a informa\u00e7\u00e3o mais atualizada a todo o momento.<\/p>\n<p>Toda a informa\u00e7\u00e3o contida neste site \u00e9 fornecida sem qualquer garantia, cabendo ao utilizador do site utiliz\u00e1-la segundo os seus pr\u00f3prios crit\u00e9rios de responsabilidade.<\/p>\n<p>As informa\u00e7\u00f5es contidas neste site reflectem a opini\u00e3o do autor, servindo unicamente para fins informativos gerais. N\u00e3o pretendem servir de meio de diagn\u00f3stico, cura ou preven\u00e7\u00e3o de qualquer doen\u00e7a, nem constituir um m\u00e9todo de tratamento ou um substituto ao aconselhamento m\u00e9dico. \u00c9 recomend\u00e1vel que procure o conselho de um profissional de sa\u00fade sobre qualquer condi\u00e7\u00e3o cl\u00ednica.<\/p>\n<p><b>9. Exclus\u00e3o de Responsabilidade<\/b><\/p>\n<p>N\u00e3o assumimos a responsabilidade por qualquer perda ou dano sofrida pelo utilizador como resultado da utiliza\u00e7\u00e3o deste website.<\/p>\n<p>Nada nestes Termos de Uso dever\u00e1 excluir ou limitar a responsabilidade por morte ou danos pessoais resultantes de neglig\u00eancia, que n\u00e3o podem ser exclu\u00eddos sob a lei portuguesa. Estes termos de utiliza\u00e7\u00e3o s\u00e3o regidos pela lei Portuguesa.<\/p>\n\t\t\t\t\t\t\t\t<\/div>\n\t\t\t\t<\/div>\n\t\t\t\t\t<\/div>\n\t\t\t\t<\/div>\n\t\t\t\t<\/div>\n\t\t","protected":false},"excerpt":{"rendered":"<p>Termos e condi\u00e7\u00f5es gerais Por favor, leia antes de usar este site. Se n\u00e3o estiver de acordo com os seus termos de utiliza\u00e7\u00e3o, aqui apresentados, n\u00e3o use este site. Ao aceder e utilizar o nosso site, confirma a aceita\u00e7\u00e3o destes termos. 1. Encomenda Oferecemos a possibilidade de encomendar convenientemente atrav\u00e9s da nossa loja on-line ou [&hellip;]<\/p>\n","protected":false},"author":1,"featured_media":0,"parent":0,"menu_order":100,"comment_status":"closed","ping_status":"closed","template":"","meta":{"_mo_disable_npp":"","prwc_products":"","prwc_not_all_products_required":false,"prwc_not_bought_page":"","prwc_redirect_not_bought":false,"prwc_not_logged_in_page":"","prwc_redirect_not_logged_in":false,"prwc_timeout_days":0,"prwc_timeout_hours":0,"prwc_timeout_minutes":0,"prwc_timeout_seconds":0,"prwc_timeout_views":0,"iawp_total_views":8,"footnotes":""},"class_list":["post-3466","page","type-page","status-publish","hentry"],"_links":{"self":[{"href":"https:\/\/cosmicgong.com\/en\/wp-json\/wp\/v2\/pages\/3466","targetHints":{"allow":["GET"]}}],"collection":[{"href":"https:\/\/cosmicgong.com\/en\/wp-json\/wp\/v2\/pages"}],"about":[{"href":"https:\/\/cosmicgong.com\/en\/wp-json\/wp\/v2\/types\/page"}],"author":[{"embeddable":true,"href":"https:\/\/cosmicgong.com\/en\/wp-json\/wp\/v2\/users\/1"}],"replies":[{"embeddable":true,"href":"https:\/\/cosmicgong.com\/en\/wp-json\/wp\/v2\/comments?post=3466"}],"version-history":[{"count":0,"href":"https:\/\/cosmicgong.com\/en\/wp-json\/wp\/v2\/pages\/3466\/revisions"}],"wp:attachment":[{"href":"https:\/\/cosmicgong.com\/en\/wp-json\/wp\/v2\/media?parent=3466"}],"curies":[{"name":"wp","href":"https:\/\/api.w.org\/{rel}","templated":true}]}}