{"id":5692,"date":"2024-03-12T15:14:30","date_gmt":"2024-03-12T15:14:30","guid":{"rendered":"https:\/\/cosmicgong.com\/blog\/"},"modified":"2026-04-23T17:24:19","modified_gmt":"2026-04-23T16:24:19","slug":"blog","status":"publish","type":"page","link":"https:\/\/cosmicgong.com\/en\/blog\/","title":{"rendered":"Blog"},"content":{"rendered":"\t\t<div data-elementor-type=\"wp-page\" data-elementor-id=\"5692\" class=\"elementor elementor-5692 elementor-5687\" data-elementor-post-type=\"page\">\n\t\t\t\t<div class=\"elementor-element elementor-element-979e922 e-flex e-con-boxed e-con e-parent\" data-id=\"979e922\" data-element_type=\"container\" data-e-type=\"container\">\n\t\t\t\t\t<div class=\"e-con-inner\">\n\t\t\t\t<div class=\"elementor-element elementor-element-a1846fc elementor-widget elementor-widget-heading\" data-id=\"a1846fc\" data-element_type=\"widget\" data-e-type=\"widget\" data-widget_type=\"heading.default\">\n\t\t\t\t<div class=\"elementor-widget-container\">\n\t\t\t\t\t<h1 class=\"elementor-heading-title elementor-size-default\">News<\/h1>\t\t\t\t<\/div>\n\t\t\t\t<\/div>\n\t\t\t\t<div class=\"elementor-element elementor-element-b6622f3 elementor-widget elementor-widget-jet-posts\" data-id=\"b6622f3\" data-element_type=\"widget\" data-e-type=\"widget\" data-settings=\"{&quot;columns_mobile&quot;:&quot;1&quot;,&quot;columns&quot;:&quot;1&quot;}\" data-widget_type=\"jet-posts.default\">\n\t\t\t\t<div class=\"elementor-widget-container\">\n\t\t\t\t\t<div class=\"elementor-jet-posts jet-elements\"><div class=\"jet-posts col-row  jet-equal-cols\"><div class=\"jet-posts__item\">\n\t<div class=\"jet-posts__inner-box\"><div class=\"jet-posts__inner-content\"><h4 class=\"entry-title\"><a href=\"https:\/\/cosmicgong.com\/en\/sound-healing-yoga-teachers\/\" target=\"\">Sound Healing for Yoga and Meditation Teachers: How to Add Sound to Your Classes<\/a><\/h4><div class=\"entry-excerpt\">If you are already a yoga or meditation teacher, you know this moment at the end of practice well: savasana, the silence after the final breath, the space for integration before students return to the world. Now imagine that moment amplified by a softly resonating planetary gong, the harmonics of a crystal singing bowl, or the melody of a Native&hellip;<\/div><div class=\"jet-more-wrap\"><a href=\"https:\/\/cosmicgong.com\/en\/sound-healing-yoga-teachers\/\" class=\"btn btn-primary elementor-button elementor-size-md jet-more\" target=\"\"><span class=\"btn__text\">Read more<\/span><\/a><\/div><\/div><\/div>\n<\/div>\n<div class=\"jet-posts__item\">\n\t<div class=\"jet-posts__inner-box\"><div class=\"jet-posts__inner-content\"><h4 class=\"entry-title\"><a href=\"https:\/\/cosmicgong.com\/en\/sound-healing-healthcare-professionals\/\" target=\"\">Sound Healing for Healthcare Professionals: How to Integrate It Into Your Clinical Sessions<\/a><\/h4><div class=\"entry-excerpt\">If you work in healthcare \u2014 as a doctor, psychologist, nurse, physiotherapist, or other clinical professional \u2014 you have probably already encountered situations where your conventional tools do not go far enough. Patients with chronic pain who do not fully respond to medication. People with anxiety that psychotherapy improves but does not resolve. Patients whose conditions are stabilised by medicine&hellip;<\/div><div class=\"jet-more-wrap\"><a href=\"https:\/\/cosmicgong.com\/en\/sound-healing-healthcare-professionals\/\" class=\"btn btn-primary elementor-button elementor-size-md jet-more\" target=\"\"><span class=\"btn__text\">Read more<\/span><\/a><\/div><\/div><\/div>\n<\/div>\n<div class=\"jet-posts__item\">\n\t<div class=\"jet-posts__inner-box\"><div class=\"jet-posts__inner-content\"><h4 class=\"entry-title\"><a href=\"https:\/\/cosmicgong.com\/en\/sound-healing-companies\/\" target=\"\">Sound Healing in Companies: How Sound Transforms Teams and Workspaces<\/a><\/h4><div class=\"entry-excerpt\">Burnout is the largest silent epidemic in organizations in 2026. Companies invest in health insurance, gyms, and days off \u2014 and still see their employees exhausted, disengaged, and without energy for what truly matters. The problem is not a lack of benefits. It\u2019s that most of them operate at the surface level. Sound healing goes to the core. It\u2019s what&hellip;<\/div><div class=\"jet-more-wrap\"><a href=\"https:\/\/cosmicgong.com\/en\/sound-healing-companies\/\" class=\"btn btn-primary elementor-button elementor-size-md jet-more\" target=\"\"><span class=\"btn__text\">Read more<\/span><\/a><\/div><\/div><\/div>\n<\/div>\n<div class=\"jet-posts__item\">\n\t<div class=\"jet-posts__inner-box\"><div class=\"jet-posts__inner-content\"><h4 class=\"entry-title\"><a href=\"https:\/\/cosmicgong.com\/en\/training-sound-healing-portugal\/\" target=\"\">Professional Guide to Sound Healing in Portugal<\/a><\/h4><div class=\"entry-excerpt\">If you have arrived at this article, you probably already know what Sound Healing is. You have already felt the power of a gong resonating through your body. You have already experienced the silence that remains after a Tibetan singing bowl bath. And now the question that does not leave your mind is simple: can I turn this into a&hellip;<\/div><div class=\"jet-more-wrap\"><a href=\"https:\/\/cosmicgong.com\/en\/training-sound-healing-portugal\/\" class=\"btn btn-primary elementor-button elementor-size-md jet-more\" target=\"\"><span class=\"btn__text\">Read more<\/span><\/a><\/div><\/div><\/div>\n<\/div>\n<\/div>\n<\/div>\t\t\t\t<\/div>\n\t\t\t\t<\/div>\n\t\t\t\t\t<\/div>\n\t\t\t\t<\/div>\n\t\t\t\t<\/div>\n\t\t","protected":false},"excerpt":{"rendered":"<p>News Sound Healing em Empresas: Como o som transforma equipas e espa\u00e7os de trabalho O burnout \u00e9 a maior epidemia silenciosa das organiza\u00e7\u00f5es em 2026. As empresas investem em seguros de sa\u00fade, gin\u00e1sios e dias de folga \u2014 e continuam a ver os seus colaboradores esgotados, desligados e sem energia para o que realmente importa. [&hellip;]<\/p>\n","protected":false},"author":1,"featured_media":0,"parent":0,"menu_order":8,"comment_status":"closed","ping_status":"closed","template":"","meta":{"_mo_disable_npp":"","prwc_products":"","prwc_not_all_products_required":false,"prwc_not_bought_page":"","prwc_redirect_not_bought":false,"prwc_not_logged_in_page":"","prwc_redirect_not_logged_in":false,"prwc_timeout_days":0,"prwc_timeout_hours":0,"prwc_timeout_minutes":0,"prwc_timeout_seconds":0,"prwc_timeout_views":0,"iawp_total_views":1,"footnotes":""},"class_list":["post-5692","page","type-page","status-publish","hentry"],"_links":{"self":[{"href":"https:\/\/cosmicgong.com\/en\/wp-json\/wp\/v2\/pages\/5692","targetHints":{"allow":["GET"]}}],"collection":[{"href":"https:\/\/cosmicgong.com\/en\/wp-json\/wp\/v2\/pages"}],"about":[{"href":"https:\/\/cosmicgong.com\/en\/wp-json\/wp\/v2\/types\/page"}],"author":[{"embeddable":true,"href":"https:\/\/cosmicgong.com\/en\/wp-json\/wp\/v2\/users\/1"}],"replies":[{"embeddable":true,"href":"https:\/\/cosmicgong.com\/en\/wp-json\/wp\/v2\/comments?post=5692"}],"version-history":[{"count":4,"href":"https:\/\/cosmicgong.com\/en\/wp-json\/wp\/v2\/pages\/5692\/revisions"}],"predecessor-version":[{"id":7678,"href":"https:\/\/cosmicgong.com\/en\/wp-json\/wp\/v2\/pages\/5692\/revisions\/7678"}],"wp:attachment":[{"href":"https:\/\/cosmicgong.com\/en\/wp-json\/wp\/v2\/media?parent=5692"}],"curies":[{"name":"wp","href":"https:\/\/api.w.org\/{rel}","templated":true}]}}