{"id":7322,"date":"2025-12-23T11:46:42","date_gmt":"2025-12-23T11:46:42","guid":{"rendered":"https:\/\/cosmicgong.com\/?post_type=product&#038;p=7322"},"modified":"2026-05-13T19:49:28","modified_gmt":"2026-05-13T18:49:28","slug":"sound-healing-training-level-2-jul-2","status":"publish","type":"product","link":"https:\/\/cosmicgong.com\/en\/event\/sound-healing-training-level-2-jul-2\/","title":{"rendered":"Sound Healing Training &#8211; Level 2 july"},"content":{"rendered":"<p>No N\u00edvel 2 da nossa Forma\u00e7\u00e3o de Sound Healing, mergulharemos em pr\u00e1ticas avan\u00e7adas e integradas, incluindo banhos de gongo, terapia de gongos one on one, pujas de gongos, medita\u00e7\u00f5es, terapias com tambor xam\u00e2nico, kirtans \/ satsangs, massagens com ta\u00e7as tibetanas, terapia com ta\u00e7as de cristal, terapia caixa sonora com m\u00faltiplos instrumentos, t\u00e9cnicas avan\u00e7adas de flauta nativa americana, limpeza energ\u00e9tica e muito mais.<\/p>\n<p>You will also learn breathing techniques, posture, and guided relaxation to enhance your practice. In addition, we will expand our theoretical knowledge of physical and energetic anatomy, healing frequencies, and the relationship between musical notes, chakras, and organs. <\/p>\n<p>Spaces are limited! Register now to guarantee your place. <\/p>\n<h3>At level 2, we teach advanced and integrated practices for:<\/h3>\n<ul>\n<li aria-level=\"1\">Opening of the sacred healing space;<\/li>\n<li aria-level=\"1\">Performing Gong Baths;<\/li>\n<li aria-level=\"1\">Meditations;<\/li>\n<li aria-level=\"1\">Sound Therapies:<\/li>\n<li aria-level=\"1\">Gong therapies \u201cOne to One\u201d and in groups;<\/li>\n<li aria-level=\"1\">Sound Massage with Tibetan Singing Bowls;<\/li>\n<li aria-level=\"1\">Sound therapy with all instruments;<\/li>\n<li aria-level=\"1\">Gong Puja<\/li>\n<\/ul>\n<h3>Presentation and Techniques:<\/h3>\n<ul>\n<li aria-level=\"1\">To play Native Flutes and Andean Flutes;<\/li>\n<li aria-level=\"1\">To play the Shamanic Drum;<\/li>\n<li aria-level=\"1\">To play the shell;<\/li>\n<li aria-level=\"1\">Kirtans \/ Satsangs;<\/li>\n<li aria-level=\"1\">Breathing Techniques;<\/li>\n<li aria-level=\"1\">Posture;<\/li>\n<li aria-level=\"1\">Led relaxation.<\/li>\n<\/ul>\n<h3> Theoretical Support:<\/h3>\n<ul>\n<li aria-level=\"1\">Advanced knowledge of physical and energetic anatomy;<\/li>\n<li aria-level=\"1\">Healing frequencies;<\/li>\n<li aria-level=\"1\">Meridians, Polarities and Kundalini Energy;<\/li>\n<li aria-level=\"1\">The relationship between musical notes, chakras, organs, and planetary frequencies.<\/li>\n<\/ul>\n<p>It will be 4 intense days of profound learning!<br \/>\n<strong>Level 1 must be completed.<\/strong><\/p>\n","protected":false},"excerpt":{"rendered":"<p>No N\u00edvel 2 da nossa Forma\u00e7\u00e3o de Sound Healing, mergulharemos em pr\u00e1ticas avan\u00e7adas e integradas, incluindo banhos de gongo, terapia de gongos one on one, pujas de gongos, medita\u00e7\u00f5es, terapias com tambor xam\u00e2nico, kirtans \/ satsangs, massagens com ta\u00e7as tibetanas, terapia com ta\u00e7as de cristal, terapia caixa sonora com m\u00faltiplos instrumentos, t\u00e9cnicas avan\u00e7adas de flauta [&hellip;]<\/p>\n","protected":false},"featured_media":7319,"template":"","meta":{"_mo_disable_npp":"","prwc_products":"","prwc_not_all_products_required":false,"prwc_not_bought_page":"","prwc_redirect_not_bought":false,"prwc_not_logged_in_page":"","prwc_redirect_not_logged_in":false,"prwc_timeout_days":0,"prwc_timeout_hours":0,"prwc_timeout_minutes":0,"prwc_timeout_seconds":0,"prwc_timeout_views":0,"iawp_total_views":38},"product_brand":[],"product_cat":[45,95],"product_tag":[],"class_list":{"0":"post-7322","1":"product","2":"type-product","3":"status-publish","4":"has-post-thumbnail","6":"product_cat-sound-healing-en","7":"product_cat-sh2","9":"first","10":"instock","11":"virtual","12":"purchasable","13":"product-type-simple"},"_links":{"self":[{"href":"https:\/\/cosmicgong.com\/en\/wp-json\/wp\/v2\/product\/7322","targetHints":{"allow":["GET"]}}],"collection":[{"href":"https:\/\/cosmicgong.com\/en\/wp-json\/wp\/v2\/product"}],"about":[{"href":"https:\/\/cosmicgong.com\/en\/wp-json\/wp\/v2\/types\/product"}],"version-history":[{"count":2,"href":"https:\/\/cosmicgong.com\/en\/wp-json\/wp\/v2\/product\/7322\/revisions"}],"predecessor-version":[{"id":7864,"href":"https:\/\/cosmicgong.com\/en\/wp-json\/wp\/v2\/product\/7322\/revisions\/7864"}],"wp:featuredmedia":[{"embeddable":true,"href":"https:\/\/cosmicgong.com\/en\/wp-json\/wp\/v2\/media\/7319"}],"wp:attachment":[{"href":"https:\/\/cosmicgong.com\/en\/wp-json\/wp\/v2\/media?parent=7322"}],"wp:term":[{"taxonomy":"product_brand","embeddable":true,"href":"https:\/\/cosmicgong.com\/en\/wp-json\/wp\/v2\/product_brand?post=7322"},{"taxonomy":"product_cat","embeddable":true,"href":"https:\/\/cosmicgong.com\/en\/wp-json\/wp\/v2\/product_cat?post=7322"},{"taxonomy":"product_tag","embeddable":true,"href":"https:\/\/cosmicgong.com\/en\/wp-json\/wp\/v2\/product_tag?post=7322"}],"curies":[{"name":"wp","href":"https:\/\/api.w.org\/{rel}","templated":true}]}}