{"id":7700,"date":"2026-04-28T11:28:26","date_gmt":"2026-04-28T10:28:26","guid":{"rendered":"https:\/\/cosmicgong.com\/evento\/gong-bath-path-love\/"},"modified":"2026-04-28T11:34:56","modified_gmt":"2026-04-28T10:34:56","slug":"gong-bath-path-love","status":"publish","type":"product","link":"https:\/\/cosmicgong.com\/en\/event\/gong-bath-path-love\/","title":{"rendered":"Gong Bath &#8211; The Path of Love"},"content":{"rendered":"<p>This Gong Bath will be a journey towards our spiritual heart!<\/p>\n<p>We will open the space with a deep Heart Meditation that will lead us to a space of love.<br \/>\nIn this conscious #connection of choosing the path of love, Gongs will connect us with our deepest being and help us open up to this path.<\/p>\n<p>Atrav\u00e9s de uma projec\u00e7\u00e3o astral e, com a escolha consciente que nos permitir\u00e1 criar uma inten\u00e7\u00e3o clara do que queremos na nossa vida, iremos libertar medos, traumas profundos de rejei\u00e7\u00e3o e m\u00e1goas antigas que nos feriram a auto-estima.<\/p>\n<p>Through astral projection and, with the conscious choice that will allow us to create a clear intention of what we want in our life, we will release fears, deep traumas of rejection and old hurts that hurt our self-esteem.<\/p>\n","protected":false},"excerpt":{"rendered":"<p>This Gong Bath will be a journey towards our spiritual heart! We will open the space with a deep Heart Meditation that will lead us to a space of love. In this conscious #connection of choosing the path of love, Gongs will connect us with our deepest being and help us open up to this [&hellip;]<\/p>\n","protected":false},"featured_media":7699,"template":"","meta":{"_mo_disable_npp":"","prwc_products":"","prwc_not_all_products_required":false,"prwc_not_bought_page":"","prwc_redirect_not_bought":false,"prwc_not_logged_in_page":"","prwc_redirect_not_logged_in":false,"prwc_timeout_days":0,"prwc_timeout_hours":0,"prwc_timeout_minutes":0,"prwc_timeout_seconds":0,"prwc_timeout_views":0,"iawp_total_views":3},"product_brand":[],"product_cat":[89],"product_tag":[],"class_list":{"0":"post-7700","1":"product","2":"type-product","3":"status-publish","4":"has-post-thumbnail","6":"product_cat-gong-bath","8":"first","9":"instock","10":"virtual","11":"purchasable","12":"product-type-simple"},"_links":{"self":[{"href":"https:\/\/cosmicgong.com\/en\/wp-json\/wp\/v2\/product\/7700","targetHints":{"allow":["GET"]}}],"collection":[{"href":"https:\/\/cosmicgong.com\/en\/wp-json\/wp\/v2\/product"}],"about":[{"href":"https:\/\/cosmicgong.com\/en\/wp-json\/wp\/v2\/types\/product"}],"version-history":[{"count":1,"href":"https:\/\/cosmicgong.com\/en\/wp-json\/wp\/v2\/product\/7700\/revisions"}],"predecessor-version":[{"id":7701,"href":"https:\/\/cosmicgong.com\/en\/wp-json\/wp\/v2\/product\/7700\/revisions\/7701"}],"wp:featuredmedia":[{"embeddable":true,"href":"https:\/\/cosmicgong.com\/en\/wp-json\/wp\/v2\/media\/7699"}],"wp:attachment":[{"href":"https:\/\/cosmicgong.com\/en\/wp-json\/wp\/v2\/media?parent=7700"}],"wp:term":[{"taxonomy":"product_brand","embeddable":true,"href":"https:\/\/cosmicgong.com\/en\/wp-json\/wp\/v2\/product_brand?post=7700"},{"taxonomy":"product_cat","embeddable":true,"href":"https:\/\/cosmicgong.com\/en\/wp-json\/wp\/v2\/product_cat?post=7700"},{"taxonomy":"product_tag","embeddable":true,"href":"https:\/\/cosmicgong.com\/en\/wp-json\/wp\/v2\/product_tag?post=7700"}],"curies":[{"name":"wp","href":"https:\/\/api.w.org\/{rel}","templated":true}]}}